{"id":1569,"date":"2025-02-12T11:31:07","date_gmt":"2025-02-12T11:31:07","guid":{"rendered":"https:\/\/bulutnettelekom.com.tr\/?page_id=1569"},"modified":"2026-01-31T09:21:44","modified_gmt":"2026-01-31T09:21:44","slug":"bulutnet-fiber-50-mbit","status":"publish","type":"page","link":"https:\/\/bulutnettelekom.com.tr\/index.php\/bulutnet-fiber-50-mbit\/","title":{"rendered":"BulutNET Fiber 50 Mbit"},"content":{"rendered":"\t\t<div data-elementor-type=\"wp-page\" data-elementor-id=\"1569\" class=\"elementor elementor-1569\">\n\t\t\t\t\t\t\t\t\t<section class=\"elementor-section elementor-top-section elementor-element elementor-element-af9d478 elementor-section-boxed elementor-section-height-default elementor-section-height-default\" data-id=\"af9d478\" data-element_type=\"section\">\n\t\t\t\t\t\t<div class=\"elementor-container elementor-column-gap-default\">\n\t\t\t\t\t<div class=\"elementor-column elementor-col-50 elementor-top-column elementor-element elementor-element-7ccf9c0\" data-id=\"7ccf9c0\" data-element_type=\"column\">\n\t\t\t<div class=\"elementor-widget-wrap elementor-element-populated\">\n\t\t\t\t\t\t\t\t<div class=\"elementor-element elementor-element-f3c8084 elementor-widget elementor-widget-text-editor\" data-id=\"f3c8084\" data-element_type=\"widget\" data-widget_type=\"text-editor.default\">\n\t\t\t\t<div class=\"elementor-widget-container\">\n\t\t\t<style>\/*! elementor - v3.6.7 - 03-07-2022 *\/\n.elementor-widget-text-editor.elementor-drop-cap-view-stacked .elementor-drop-cap{background-color:#818a91;color:#fff}.elementor-widget-text-editor.elementor-drop-cap-view-framed .elementor-drop-cap{color:#818a91;border:3px solid;background-color:transparent}.elementor-widget-text-editor:not(.elementor-drop-cap-view-default) .elementor-drop-cap{margin-top:8px}.elementor-widget-text-editor:not(.elementor-drop-cap-view-default) .elementor-drop-cap-letter{width:1em;height:1em}.elementor-widget-text-editor .elementor-drop-cap{float:left;text-align:center;line-height:1;font-size:50px}.elementor-widget-text-editor .elementor-drop-cap-letter{display:inline-block}<\/style>\t\t\t\t<h3 style=\"font-family: Roboto, sans-serif;\">&nbsp;<\/h3>\n<h3 style=\"font-family: Roboto, sans-serif;\">&nbsp;<\/h3>\n<h3 style=\"font-family: Roboto, sans-serif;\">50 Mbit Kotas\u0131z Fiber \u0130nternet<\/h3>\n<p>BulutNET Fiber Altyap\u0131s\u0131 ile verilmektedir. Telefon hatt\u0131na, Telekom altyap\u0131s\u0131na gereksinim yoktur. BulutNET&#8217;in Kendi fiber altyap\u0131s\u0131 ile hizmet sunulmaktad\u0131r. Fatural\u0131 Sistemdir. Se\u00e7ti\u011finiz internet paketini \u00d6nce y\u00fckleyip sonra 1 ay boyunca kullanabilirsiniz.&nbsp; Abonelikte herhangi bir taahh\u00fct yoktur. Kota s\u0131n\u0131r\u0131 yok, \u00d6zg\u00fcrce kullanabilirsiniz. Paketlerdeki farkl\u0131l\u0131klar \u0130nternet kullan\u0131m h\u0131z\u0131 ile de\u011fi\u015fiklik g\u00f6sterir.<\/p>\n<p>Paket H\u0131z\u0131:<\/p>\n<p><b>50 Mbit Download<\/b><\/p>\n<p><b>25 Mbit Upload<\/b><\/p>\n<p>* Taahh\u00fctl\u00fc Sat\u0131\u015f\u0131m\u0131z bulunmamaktad\u0131r. Taahh\u00fct hesaplamas\u0131 sat\u0131\u015f olmad\u0131\u011f\u0131 i\u00e7in sitemizde yer almamaktad\u0131r.<b><br><\/b><\/p>\n<p>Fiber internet hizmeti sa\u011flad\u0131\u011f\u0131m\u0131z b\u00f6lgeleri g\u00f6rmek isterseniz&nbsp;<a href=\"https:\/\/bulutnettelekom.com.tr\/index.php\/Bayilerimiz\/\" target=\"_blank\" rel=\"noopener\">T\u0131klay\u0131n\u0131z<\/a>..<\/p>\t\t\t\t\t\t<\/div>\n\t\t\t\t<\/div>\n\t\t\t\t\t<\/div>\n\t\t<\/div>\n\t\t\t\t<div class=\"elementor-column elementor-col-50 elementor-top-column elementor-element elementor-element-ddebf8a\" data-id=\"ddebf8a\" data-element_type=\"column\">\n\t\t\t<div class=\"elementor-widget-wrap elementor-element-populated\">\n\t\t\t\t\t\t\t\t<div class=\"elementor-element elementor-element-9c84396 elementor-widget elementor-widget-price-table\" data-id=\"9c84396\" data-element_type=\"widget\" data-settings=\"{&quot;sticky&quot;:&quot;top&quot;,&quot;_animation&quot;:&quot;none&quot;,&quot;sticky_on&quot;:[&quot;desktop&quot;,&quot;tablet&quot;,&quot;mobile&quot;],&quot;sticky_offset&quot;:0,&quot;sticky_effects_offset&quot;:0}\" data-widget_type=\"price-table.default\">\n\t\t\t\t<div class=\"elementor-widget-container\">\n\t\t\t<style>\/*! elementor-pro - v3.7.7 - 20-09-2022 *\/\n.elementor-widget-price-list .elementor-price-list{list-style:none;padding:0;margin:0}.elementor-widget-price-list .elementor-price-list li{margin:0}.elementor-price-list li:not(:last-child){margin-bottom:20px}.elementor-price-list .elementor-price-list-image{max-width:50%;-ms-flex-negative:0;flex-shrink:0;padding-right:25px}.elementor-price-list .elementor-price-list-image img{width:100%}.elementor-price-list .elementor-price-list-header,.elementor-price-list .elementor-price-list-item,.elementor-price-list .elementor-price-list-text{display:-webkit-box;display:-ms-flexbox;display:flex}.elementor-price-list .elementor-price-list-item{-webkit-box-align:start;-ms-flex-align:start;align-items:flex-start}.elementor-price-list .elementor-price-list-item .elementor-price-list-text{-webkit-box-align:start;-ms-flex-align:start;align-items:flex-start;-ms-flex-wrap:wrap;flex-wrap:wrap;-webkit-box-flex:1;-ms-flex-positive:1;flex-grow:1}.elementor-price-list .elementor-price-list-item .elementor-price-list-header{-webkit-box-align:center;-ms-flex-align:center;align-items:center;-ms-flex-preferred-size:100%;flex-basis:100%;font-size:19px;font-weight:600;margin-bottom:10px;-webkit-box-pack:justify;-ms-flex-pack:justify;justify-content:space-between}.elementor-price-list .elementor-price-list-item .elementor-price-list-title{max-width:80%}.elementor-price-list .elementor-price-list-item .elementor-price-list-price{font-weight:600}.elementor-price-list .elementor-price-list-item p.elementor-price-list-description{-ms-flex-preferred-size:100%;flex-basis:100%;font-size:14px;margin:0}.elementor-price-list .elementor-price-list-item .elementor-price-list-separator{-webkit-box-flex:1;-ms-flex-positive:1;flex-grow:1;margin-left:10px;margin-right:10px;border-bottom-style:dotted;border-bottom-width:2px;height:0}.elementor-price-table{text-align:center}.elementor-price-table .elementor-price-table__header{background:var(--e-price-table-header-background-color,#555);padding:20px 0}.elementor-price-table .elementor-price-table__heading{margin:0;padding:0;line-height:1.2;font-size:24px;font-weight:600;color:#fff}.elementor-price-table .elementor-price-table__subheading{font-size:13px;font-weight:400;color:#fff}.elementor-price-table .elementor-price-table__original-price{margin-right:15px;text-decoration:line-through;font-size:.5em;line-height:1;font-weight:400;-ms-flex-item-align:center;align-self:center}.elementor-price-table .elementor-price-table__original-price .elementor-price-table__currency{font-size:1em;margin:0}.elementor-price-table .elementor-price-table__price{display:-webkit-box;display:-ms-flexbox;display:flex;-webkit-box-pack:center;-ms-flex-pack:center;justify-content:center;-webkit-box-align:center;-ms-flex-align:center;align-items:center;-ms-flex-wrap:wrap;flex-wrap:wrap;-webkit-box-orient:horizontal;-webkit-box-direction:normal;-ms-flex-direction:row;flex-direction:row;color:#555;font-weight:800;font-size:65px;padding:40px 0}.elementor-price-table .elementor-price-table__price .elementor-typo-excluded{line-height:normal;letter-spacing:normal;text-transform:none;font-weight:400;font-size:medium;font-style:normal}.elementor-price-table .elementor-price-table__after-price{display:-webkit-box;display:-ms-flexbox;display:flex;-ms-flex-wrap:wrap;flex-wrap:wrap;text-align:left;-ms-flex-item-align:stretch;align-self:stretch;-webkit-box-align:start;-ms-flex-align:start;align-items:flex-start;-webkit-box-orient:vertical;-webkit-box-direction:normal;-ms-flex-direction:column;flex-direction:column}.elementor-price-table .elementor-price-table__integer-part{line-height:.8}.elementor-price-table .elementor-price-table__currency,.elementor-price-table .elementor-price-table__fractional-part{line-height:1;font-size:.3em}.elementor-price-table .elementor-price-table__currency{margin-right:3px}.elementor-price-table .elementor-price-table__period{width:100%;font-size:13px;font-weight:400}.elementor-price-table .elementor-price-table__features-list{list-style-type:none;margin:0;padding:0;line-height:1;color:var(--e-price-table-features-list-color)}.elementor-price-table .elementor-price-table__features-list li{font-size:14px;line-height:1;margin:0;padding:0}.elementor-price-table .elementor-price-table__features-list li .elementor-price-table__feature-inner{margin-left:15px;margin-right:15px}.elementor-price-table .elementor-price-table__features-list li:not(:first-child):before{content:\"\";display:block;border:0 solid hsla(0,0%,47.8%,.3);margin:10px 12.5%}.elementor-price-table .elementor-price-table__features-list i{margin-right:10px;font-size:1.3em}.elementor-price-table .elementor-price-table__features-list svg{margin-right:10px;fill:var(--e-price-table-features-list-color);height:1.3em;width:1.3em}.elementor-price-table .elementor-price-table__features-list svg~*{vertical-align:text-top}.elementor-price-table .elementor-price-table__footer{padding:30px 0}.elementor-price-table .elementor-price-table__additional_info{margin:0;font-size:13px;line-height:1.4}.elementor-price-table__ribbon{position:absolute;top:0;left:auto;right:0;-webkit-transform:rotate(90deg);-ms-transform:rotate(90deg);transform:rotate(90deg);width:150px;overflow:hidden;height:150px}.elementor-price-table__ribbon-inner{text-align:center;left:0;width:200%;-webkit-transform:translateY(-50%) translateX(-50%) translateX(35px) rotate(-45deg);-ms-transform:translateY(-50%) translateX(-50%) translateX(35px) rotate(-45deg);transform:translateY(-50%) translateX(-50%) translateX(35px) rotate(-45deg);margin-top:35px;font-size:13px;line-height:2;font-weight:800;text-transform:uppercase;background:#000}.elementor-price-table__ribbon.elementor-ribbon-left{-webkit-transform:rotate(0);-ms-transform:rotate(0);transform:rotate(0);left:0;right:auto}.elementor-price-table__ribbon.elementor-ribbon-right{-webkit-transform:rotate(90deg);-ms-transform:rotate(90deg);transform:rotate(90deg);left:auto;right:0}.elementor-widget-price-table .elementor-widget-container{overflow:hidden;background-color:#f7f7f7}.e-container>.elementor-widget-price-list,.e-container__inner>.elementor-widget-price-list{width:var(--container-widget-width,100%)}<\/style>\n\t\t<div class=\"elementor-price-table\">\n\t\t\t\t\t\t\t<div class=\"elementor-price-table__header\">\n\t\t\t\t\t\t\t\t\t\t\t<h3 class=\"elementor-price-table__heading\">\n\t\t\t\t\t\tF\u0130BER50\t\t\t\t\t\t<\/h3>\n\t\t\t\t\t\n\t\t\t\t\t\t\t\t\t\t\t<span class=\"elementor-price-table__subheading\">\n\t\t\t\t\t\t\tF\u0130BER INTERNET\t\t\t\t\t\t<\/span>\n\t\t\t\t\t\t\t\t\t<\/div>\n\t\t\t\n\t\t\t<div class=\"elementor-price-table__price\">\n\t\t\t\t\t\t\t\t\t\t\t\t\t\t\t\t\t<span class=\"elementor-price-table__integer-part\">\n\t\t\t\t\t\t650\t\t\t\t\t<\/span>\n\t\t\t\t\n\t\t\t\t\n\t\t\t\t<span class=\"elementor-price-table__currency\">\u20ba<\/span>\n\t\t\t\t\t\t\t\t\t<span class=\"elementor-price-table__period elementor-typo-excluded\">1 AY<\/span>\t\t\t\t\t\t\t<\/div>\n\n\t\t\t\t\t\t\t<ul class=\"elementor-price-table__features-list\">\n\t\t\t\t\t\t\t\t\t\t\t<li class=\"elementor-repeater-item-c42132f\">\n\t\t\t\t\t\t\t<div class=\"elementor-price-table__feature-inner\">\n\t\t\t\t\t\t\t\t<i aria-hidden=\"true\" class=\"far fa-check-circle\"><\/i>\t\t\t\t\t\t\t\t\t\t\t\t\t\t\t\t\t<span >\n\t\t\t\t\t\t\t\t\t\t50 Mbit F\u0130BER\t\t\t\t\t\t\t\t\t<\/span>\n\t\t\t\t\t\t\t\t\t\t\t\t\t\t\t\t<\/div>\n\t\t\t\t\t\t<\/li>\n\t\t\t\t\t\t\t\t\t\t\t<li class=\"elementor-repeater-item-ec34c2f\">\n\t\t\t\t\t\t\t<div class=\"elementor-price-table__feature-inner\">\n\t\t\t\t\t\t\t\t<i aria-hidden=\"true\" class=\"far fa-check-circle\"><\/i>\t\t\t\t\t\t\t\t\t\t\t\t\t\t\t\t\t<span >\n\t\t\t\t\t\t\t\t\t\tTaahh\u00fcts\u00fcz\t\t\t\t\t\t\t\t\t<\/span>\n\t\t\t\t\t\t\t\t\t\t\t\t\t\t\t\t<\/div>\n\t\t\t\t\t\t<\/li>\n\t\t\t\t\t\t\t\t\t\t\t<li class=\"elementor-repeater-item-07564a5\">\n\t\t\t\t\t\t\t<div class=\"elementor-price-table__feature-inner\">\n\t\t\t\t\t\t\t\t<i aria-hidden=\"true\" class=\"far fa-check-circle\"><\/i>\t\t\t\t\t\t\t\t\t\t\t\t\t\t\t\t\t<span >\n\t\t\t\t\t\t\t\t\t\tKotas\u0131z\t\t\t\t\t\t\t\t\t<\/span>\n\t\t\t\t\t\t\t\t\t\t\t\t\t\t\t\t<\/div>\n\t\t\t\t\t\t<\/li>\n\t\t\t\t\t\t\t\t\t\t\t<li class=\"elementor-repeater-item-afc1b35\">\n\t\t\t\t\t\t\t<div class=\"elementor-price-table__feature-inner\">\n\t\t\t\t\t\t\t\t<i aria-hidden=\"true\" class=\"far fa-check-circle\"><\/i>\t\t\t\t\t\t\t\t\t\t\t\t\t\t\t\t\t<span >\n\t\t\t\t\t\t\t\t\t\ts\u0131n\u0131rs\u0131z\t\t\t\t\t\t\t\t\t<\/span>\n\t\t\t\t\t\t\t\t\t\t\t\t\t\t\t\t<\/div>\n\t\t\t\t\t\t<\/li>\n\t\t\t\t\t\t\t\t\t<\/ul>\n\t\t\t\n\t\t\t\t\t\t\t<div class=\"elementor-price-table__footer\">\n\t\t\t\t\t\t\t\t\t\t\t<a class=\"elementor-price-table__button elementor-button elementor-size-md\" href=\"https:\/\/bulutnettelekom.com.tr\/index.php\/iletisim\/#wpforms-419-field_0-container\">\n\t\t\t\t\t\t\tHEMEN BA\u015eVUR\t\t\t\t\t\t<\/a>\n\t\t\t\t\t\n\t\t\t\t\t\t\t\t\t\t\t<div class=\"elementor-price-table__additional_info\">\n\t\t\t\t\t\t\tF\u0131rsat\u0131 ka\u00e7\u0131rma\t\t\t\t\t\t<\/div>\n\t\t\t\t\t\t\t\t\t<\/div>\n\t\t\t\t\t<\/div>\n\n\t\t\t\t<\/div>\n\t\t\t\t<\/div>\n\t\t\t\t\t<\/div>\n\t\t<\/div>\n\t\t\t\t\t\t\t<\/div>\n\t\t<\/section>\n\t\t\t\t\t\t\t<\/div>\n\t\t","protected":false},"excerpt":{"rendered":"<p>&nbsp; &nbsp; 50 Mbit Kotas\u0131z Fiber \u0130nternet BulutNET Fiber Altyap\u0131s\u0131 ile verilmektedir. Telefon hatt\u0131na, Telekom altyap\u0131s\u0131na gereksinim yoktur. BulutNET&#8217;in Kendi fiber altyap\u0131s\u0131 ile hizmet sunulmaktad\u0131r. Fatural\u0131 Sistemdir. Se\u00e7ti\u011finiz internet paketini \u00d6nce y\u00fckleyip sonra 1 ay boyunca kullanabilirsiniz.&nbsp; Abonelikte herhangi bir taahh\u00fct yoktur. Kota s\u0131n\u0131r\u0131 yok, \u00d6zg\u00fcrce kullanabilirsiniz. Paketlerdeki farkl\u0131l\u0131klar \u0130nternet kullan\u0131m h\u0131z\u0131 ile de\u011fi\u015fiklik g\u00f6sterir. [&hellip;]<\/p>\n","protected":false},"author":1,"featured_media":0,"parent":0,"menu_order":0,"comment_status":"closed","ping_status":"closed","template":"","meta":[],"_links":{"self":[{"href":"https:\/\/bulutnettelekom.com.tr\/index.php\/wp-json\/wp\/v2\/pages\/1569"}],"collection":[{"href":"https:\/\/bulutnettelekom.com.tr\/index.php\/wp-json\/wp\/v2\/pages"}],"about":[{"href":"https:\/\/bulutnettelekom.com.tr\/index.php\/wp-json\/wp\/v2\/types\/page"}],"author":[{"embeddable":true,"href":"https:\/\/bulutnettelekom.com.tr\/index.php\/wp-json\/wp\/v2\/users\/1"}],"replies":[{"embeddable":true,"href":"https:\/\/bulutnettelekom.com.tr\/index.php\/wp-json\/wp\/v2\/comments?post=1569"}],"version-history":[{"count":10,"href":"https:\/\/bulutnettelekom.com.tr\/index.php\/wp-json\/wp\/v2\/pages\/1569\/revisions"}],"predecessor-version":[{"id":1640,"href":"https:\/\/bulutnettelekom.com.tr\/index.php\/wp-json\/wp\/v2\/pages\/1569\/revisions\/1640"}],"wp:attachment":[{"href":"https:\/\/bulutnettelekom.com.tr\/index.php\/wp-json\/wp\/v2\/media?parent=1569"}],"curies":[{"name":"wp","href":"https:\/\/api.w.org\/{rel}","templated":true}]}}