{"id":186,"date":"2022-05-14T15:06:28","date_gmt":"2022-05-14T15:06:28","guid":{"rendered":"https:\/\/www.bulutnettelekom.com.tr\/?page_id=186"},"modified":"2022-05-19T23:54:17","modified_gmt":"2022-05-19T23:54:17","slug":"kvkk","status":"publish","type":"page","link":"https:\/\/bulutnettelekom.com.tr\/index.php\/kvkk\/","title":{"rendered":"Ki\u015fisel Verilerin Korunmas\u0131 ve i\u015flenmesi metni"},"content":{"rendered":"<h2><b>K\u0130\u015e\u0130SEL VER\u0130LER\u0130N KORUNMASI VE \u0130\u015eLENMES\u0130 HAKKINDA AYDINLATMA METN\u0130<\/b><\/h2>\n<p>BulutNET Telekom\u00fcnikasyon ve Bili\u015fim Hizmetleri Ltd. \u015eti.; bu s\u00f6zle\u015fmede\u00a0<strong>\u201dBulutNET<\/strong><strong>\u201d<\/strong>\u00a0olarak an\u0131lacakt\u0131r. Ki\u015fisel bilgiler; ad\u0131 soyad\u0131, adresi, telefon numaras\u0131, e-posta adresi gibi kullan\u0131c\u0131y\u0131 tan\u0131mlamaya y\u00f6nelik her t\u00fcrl\u00fc di\u011fer bilgiyi ifade etmektedir. \u015eirket ile ili\u015fkili t\u00fcm \u015fah\u0131slara ait her t\u00fcrl\u00fc ki\u015fisel verilerin 6698 say\u0131l\u0131 Ki\u015fisel Verilerin Korunmas\u0131 Kanunu (\u201cKVK Kanunu\u201d)\u2019na uygun olarak i\u015flenerek, muhafaza edilmesine b\u00fcy\u00fck \u00f6nem vermekteyiz.\u00a0Biz,\u00a0<strong>BulutNET<\/strong>\u00a0, veri sorumlusu olarak, bu gizlilik ve ki\u015fisel verilerin korunmas\u0131 politikas\u0131 ile, hangi ki\u015fisel verilerinizin hangi ama\u00e7la i\u015flenece\u011fi, i\u015flenen verilerin kimlerle ve neden payla\u015f\u0131labilece\u011fi, veri i\u015fleme y\u00f6ntemimiz ve hukuki sebeplerimiz ile; i\u015flenen verilerinize ili\u015fkin haklar\u0131n\u0131z\u0131n neler oldu\u011fu hususunda sizleri ayd\u0131nlatmay\u0131 ama\u00e7l\u0131yoruz.<\/p>\n<h3>Ki\u015fisel Verilerin \u0130\u015flenme Y\u00f6ntemi Ve Hukuki Sebep<\/h3>\n<p><b>1.<\/b>\u00a0 \u00a0\u00a0<strong>BulutNET<\/strong>\u00a0Kanun\u2019da tan\u0131ml\u0131 \u015fekli ile \u201cVeri Sorumlusu\u201d s\u0131fat\u0131yla ki\u015fisel verilerinizi toplar.\u00a0<strong>BulutNET<\/strong>\u00a0bu ki\u015fisel verileri y\u00fcr\u00fctmekte oldu\u011fu ticari faaliyetleri devam ettirmek, s\u00f6zle\u015fme yapabilmek ve yapt\u0131\u011f\u0131 s\u00f6zle\u015fmeleri uygulayabilmek i\u00e7in sunmakta oldu\u011fu \u00fcr\u00fcn ve hizmetlerin gerektirdi\u011fi \u00f6l\u00e7\u00fcde s\u00f6zl\u00fc, yaz\u0131l\u0131 ya da elektronik ortamda abonelik s\u00f6zle\u015fmesi, web-sitesi, mobil uygulamalar, sat\u0131\u015f kanallar\u0131, \u00e7a\u011fr\u0131 merkezi, sesli yan\u0131t sistemi ve benzeri kanallar arac\u0131l\u0131\u011f\u0131yla toplanmaktad\u0131r.\u00a0<b>2.<\/b>\u00a0 \u00a0\u00a0<strong>BulutNET<\/strong>\u00a0Ki\u015fisel Verilerinizi a\u015fa\u011f\u0131da belirtilen ger\u00e7ek veya t\u00fczel, \u00f6zel veya kamu t\u00fczel ki\u015filerine aktarabilir:<\/p>\n<ul>\n<li><i><\/i>\u00a0Sat\u0131n almak istedi\u011finiz veya kullanmakta oldu\u011funuz \u00fcr\u00fcn veya hizmetlerin sunulmas\u0131, size ula\u015ft\u0131r\u0131lmas\u0131 i\u00e7in hizmet ald\u0131\u011f\u0131m\u0131z kargo\/kurye \u015firketleri, d\u0131\u015f hizmet sa\u011flay\u0131c\u0131lar,<\/li>\n<li><i><\/i>\u00a0Taraf\u0131n\u0131za sunulan \u00fcr\u00fcn veya hizmetlerin ifas\u0131 i\u00e7in i\u015fbirli\u011fi yapt\u0131\u011f\u0131m\u0131z t\u00fcm tedarik\u00e7i ve i\u015f ortaklar\u0131m\u0131z,<\/li>\n<li><i><\/i>\u00a0Taraf\u0131n\u0131zca yetki verilmi\u015f olan vekil ve temsilcileriniz,<\/li>\n<li><i><\/i>\u00a0Talep edilmesi veya yasal zorunluluklar gere\u011fince d\u00fczenleyici ve denetleyici kurumlar, mahkeme, savc\u0131l\u0131k, icra m\u00fcd\u00fcrl\u00fckleri dahil ve fakat bunlarla s\u0131n\u0131rl\u0131 olmamak \u00fczere kanunlar\u0131n emretti\u011fi her t\u00fcr idari, adli ve sair her t\u00fcr resmi kurumlar,<\/li>\n<li><i><\/i>\u00a0Sundu\u011fumuz \u00fcr\u00fcn veya hizmetler ile ilgili yasal haklar\u0131m\u0131z\u0131n takibi, hukuki gerekliliklerin yerine getirilmesi gibi nedenlerle avukatlar, vergi dan\u0131\u015fmanlar\u0131, denet\u00e7iler ve hizmet al\u0131nan di\u011fer \u00fc\u00e7\u00fcnc\u00fc ki\u015filer.<\/li>\n<\/ul>\n<h3>Toplanan Ki\u015fisel Verilerin Kimlere ve Hangi Ama\u00e7larla Aktar\u0131labilece\u011fi<\/h3>\n<p>Bizimle payla\u015ft\u0131\u011f\u0131n\u0131z ki\u015fisel verileriniz; faaliyetlerimizi y\u00fcr\u00fctmek \u00fczere hizmet ald\u0131\u011f\u0131m\u0131z ve\/veya verdi\u011fimiz, s\u00f6zle\u015fmesel ili\u015fki i\u00e7erisinde bulundu\u011fumuz,i\u015f birli\u011fi yapt\u0131\u011f\u0131m\u0131z,\u00a0 3. \u015fah\u0131slar ile kurum ve kurulu\u015flara ve talep halinde,<\/p>\n<ul>\n<li>Adli ve idari makamlar\u0131n yaz\u0131l\u0131 bir talep olu\u015fmas\u0131 halinde,<\/li>\n<li><strong>BulutNET<\/strong>\u2019in m\u00fclkiyet haklar\u0131n\u0131 korumak ve savunmak amac\u0131yla,<\/li>\n<li>Gerekli teknik ve idari \u00f6nlemler al\u0131nmas\u0131 ko\u015fulu ile aktar\u0131labilecektir.<\/li>\n<\/ul>\n<h3>Ki\u015fisel Verileri \u0130\u015flenen Ki\u015fi Olarak Haklar\u0131n\u0131z<\/h3>\n<p>KVKK madde 11 uyar\u0131nca herkes, veri sorumlusuna ba\u015fvurarak a\u015fa\u011f\u0131daki haklar\u0131n\u0131 kullanabilir:<\/p>\n<ol type=\"a\">\n<li>Ki\u015fisel veri i\u015flenip i\u015flenmedi\u011fini \u00f6\u011frenme,<\/li>\n<li>Ki\u015fisel verileri i\u015flenmi\u015fse buna ili\u015fkin bilgi talep etme,<\/li>\n<li>Ki\u015fisel verilerin i\u015flenme amac\u0131n\u0131 ve bunlar\u0131n amac\u0131na uygun kullan\u0131l\u0131p kullan\u0131lmad\u0131\u011f\u0131n\u0131 \u00f6\u011frenme,<\/li>\n<li>Yurt i\u00e7inde veya yurt d\u0131\u015f\u0131nda ki\u015fisel verilerin aktar\u0131ld\u0131\u011f\u0131 \u00fc\u00e7\u00fcnc\u00fc ki\u015fileri bilme,<\/li>\n<li>Ki\u015fisel verilerin eksik veya yanl\u0131\u015f i\u015flenmi\u015f olmas\u0131 h\u00e2linde bunlar\u0131n d\u00fczeltilmesini isteme,<\/li>\n<li>Ki\u015fisel verilerin silinmesini veya yok edilmesini isteme,<\/li>\n<li>(e) ve (f) bentleri uyar\u0131nca yap\u0131lan i\u015flemlerin, ki\u015fisel verilerin aktar\u0131ld\u0131\u011f\u0131 \u00fc\u00e7\u00fcnc\u00fc ki\u015filere bildirilmesini isteme,<\/li>\n<li>\u0130\u015flenen verilerin m\u00fcnhas\u0131ran otomatik sistemler vas\u0131tas\u0131yla analiz edilmesi suretiyle ki\u015finin kendisi aleyhine bir sonucun ortaya \u00e7\u0131kmas\u0131na itiraz etme,<\/li>\n<li>Ki\u015fisel verilerin kanuna ayk\u0131r\u0131 olarak i\u015flenmesi sebebiyle zarara u\u011framas\u0131 h\u00e2linde zarar\u0131n giderilmesini talep etme, haklar\u0131na sahiptir.<\/li>\n<\/ol>\n<p>Yukar\u0131da say\u0131lan haklar\u0131n\u0131z\u0131 kullanmak \u00fczere iletisim@bulutnettelekom.com.tr \u00fczerinden bizimle ileti\u015fime ge\u00e7ebilirsiniz.<\/p>\n<h3>\u0130leti\u015fim<\/h3>\n<p>Yukar\u0131da belirtilen Kanun kapsam\u0131ndaki ki\u015fisel veriler ile ilgili haklar\u0131n\u0131z\u0131 kullanmak ve talepte bulunmak i\u00e7in,\u00a0 bizimle iletisim@bulutnettelekom.com.tr\u00a0 e-mail adresi \u00fczerinden ileti\u015fime ge\u00e7mekten l\u00fctfen \u00e7ekinmeyiniz.<\/p>\n","protected":false},"excerpt":{"rendered":"<p>K\u0130\u015e\u0130SEL VER\u0130LER\u0130N KORUNMASI VE \u0130\u015eLENMES\u0130 HAKKINDA AYDINLATMA METN\u0130 BulutNET Telekom\u00fcnikasyon ve Bili\u015fim Hizmetleri Ltd. \u015eti.; bu s\u00f6zle\u015fmede\u00a0\u201dBulutNET\u201d\u00a0olarak an\u0131lacakt\u0131r. Ki\u015fisel bilgiler; ad\u0131 soyad\u0131, adresi, telefon numaras\u0131, e-posta adresi gibi kullan\u0131c\u0131y\u0131 tan\u0131mlamaya y\u00f6nelik her t\u00fcrl\u00fc di\u011fer bilgiyi ifade etmektedir. \u015eirket ile ili\u015fkili t\u00fcm \u015fah\u0131slara ait her t\u00fcrl\u00fc ki\u015fisel verilerin 6698 say\u0131l\u0131 Ki\u015fisel Verilerin Korunmas\u0131 Kanunu (\u201cKVK Kanunu\u201d)\u2019na [&hellip;]<\/p>\n","protected":false},"author":1,"featured_media":0,"parent":0,"menu_order":0,"comment_status":"closed","ping_status":"closed","template":"","meta":[],"_links":{"self":[{"href":"https:\/\/bulutnettelekom.com.tr\/index.php\/wp-json\/wp\/v2\/pages\/186"}],"collection":[{"href":"https:\/\/bulutnettelekom.com.tr\/index.php\/wp-json\/wp\/v2\/pages"}],"about":[{"href":"https:\/\/bulutnettelekom.com.tr\/index.php\/wp-json\/wp\/v2\/types\/page"}],"author":[{"embeddable":true,"href":"https:\/\/bulutnettelekom.com.tr\/index.php\/wp-json\/wp\/v2\/users\/1"}],"replies":[{"embeddable":true,"href":"https:\/\/bulutnettelekom.com.tr\/index.php\/wp-json\/wp\/v2\/comments?post=186"}],"version-history":[{"count":2,"href":"https:\/\/bulutnettelekom.com.tr\/index.php\/wp-json\/wp\/v2\/pages\/186\/revisions"}],"predecessor-version":[{"id":380,"href":"https:\/\/bulutnettelekom.com.tr\/index.php\/wp-json\/wp\/v2\/pages\/186\/revisions\/380"}],"wp:attachment":[{"href":"https:\/\/bulutnettelekom.com.tr\/index.php\/wp-json\/wp\/v2\/media?parent=186"}],"curies":[{"name":"wp","href":"https:\/\/api.w.org\/{rel}","templated":true}]}}